{"id":186,"date":"2020-11-09T06:27:21","date_gmt":"2020-11-09T05:27:21","guid":{"rendered":"https:\/\/bcohwordpressnew.azurewebsites.net\/?page_id=186"},"modified":"2021-03-10T15:35:40","modified_gmt":"2021-03-10T14:35:40","slug":"softwareentwicklung","status":"publish","type":"page","link":"https:\/\/www.bostconsult.com\/?page_id=186","title":{"rendered":"Software-Entwicklung"},"content":{"rendered":"\n<section class=\"wp-block-themeisle-blocks-advanced-columns alignfull has-2-columns has-desktop-equal-layout has-tablet-equal-layout has-mobile-collapsedRows-layout has-nogap-gap has-vertical-center\" id=\"wp-block-themeisle-blocks-advanced-columns-de72ff39\"><div class=\"wp-block-themeisle-blocks-advanced-columns-overlay\"><\/div><div class=\"innerblocks-wrap\">\n<div class=\"wp-block-themeisle-blocks-advanced-column\" id=\"wp-block-themeisle-blocks-advanced-column-41f6cecb\">\n<figure class=\"wp-block-image size-large is-resized\"><img loading=\"lazy\" decoding=\"async\" src=\"\/wp-content\/uploads\/2020\/11\/Fotolia_61237854_S.jpg\" alt=\"\" class=\"wp-image-307\" width=\"470\" height=\"315\"\/><\/figure>\n<\/div>\n\n\n\n<div class=\"wp-block-themeisle-blocks-advanced-column\" id=\"wp-block-themeisle-blocks-advanced-column-5af0a9d5\">\n<div id=\"wp-block-themeisle-blocks-advanced-heading-b6575732\" class=\"wp-block-themeisle-blocks-advanced-heading wp-block-themeisle-blocks-advanced-heading-b6575732\"><\/div>\n\n\n\n<h3 class=\"has-text-align-left wp-block-heading\">Grunds\u00e4tze<\/h3>\n\n\n\n<p>Wir erstellen f\u00fcr Sie individuelle Softwarel\u00f6sungen nach Ihren spezifischen Anforderungen.<\/p>\n\n\n\n<p>Dabei unterst\u00fctzen wir Sie von der Planungsphase \u00fcber die Realisierungs- und Testphase bis zur Betriebsphase.<\/p>\n\n\n\n<p>Im Vordergrund stehen zun\u00e4chst die Analyse Ihrer beteiligten fachlichen Prozesse, Ihre Anforderungen und Ihre Systemumgebung. Erst durch das tiefe Verst\u00e4ndnis dieser Parameter kann eine effiziente L\u00f6sung entstehen.<\/p>\n<\/div>\n<\/div><\/section>\n\n\n\n<section class=\"wp-block-themeisle-blocks-advanced-columns alignfull has-2-columns has-desktop-equal-layout has-tablet-equal-layout has-mobile-collapsedRows-layout has-nogap-gap has-vertical-center\" id=\"wp-block-themeisle-blocks-advanced-columns-e7931e5c\"><div class=\"wp-block-themeisle-blocks-advanced-columns-overlay\"><\/div><div class=\"innerblocks-wrap\">\n<div class=\"wp-block-themeisle-blocks-advanced-column\" id=\"wp-block-themeisle-blocks-advanced-column-311d4b3f\">\n<div id=\"wp-block-themeisle-blocks-advanced-heading-740905dd\" class=\"wp-block-themeisle-blocks-advanced-heading wp-block-themeisle-blocks-advanced-heading-740905dd\"><\/div>\n\n\n\n<h3 class=\"has-text-align-left wp-block-heading\">Technologien<\/h3>\n\n\n\n<p class=\"has-text-align-left\">Wir sind spezialisiert auf die Entwicklung individueller Softwarel\u00f6sungen auf Basis der Microsoft .Net Technologie. Das Spektrum der bisher erstellten L\u00f6sungen erstreckt sich dabei von kleineren Datenbankapplikationen bis hin zu Integrationsl\u00f6sungen in heterogenen Enterprise-Umgebungen.<\/p>\n\n\n\n<p>Wir besitzen Kompetenzen und langj\u00e4hrige Erfahrungen beim Einsatz der folgenden Technologien:<\/p>\n<ul>\n                    <li>Microsoft .Net Entwicklungsplattform<\/li>\n                    <li>SQL-Server Datenbanken (Microsoft, Oracle, MySQL)<\/li>\n                    <li>Web-Technologien (HTML5 + CSS3)<\/li>\n                    <li>Reporting- und Analysis-Services<\/li>\n                    <li>Active Directory<\/li>\n                <\/ul>\n<\/div>\n\n\n\n<div class=\"wp-block-themeisle-blocks-advanced-column\" id=\"wp-block-themeisle-blocks-advanced-column-49224624\">\n<figure class=\"wp-block-image size-large is-resized\"><img loading=\"lazy\" decoding=\"async\" src=\"\/wp-content\/uploads\/2020\/11\/Fotolia_58569245_S-1.jpg\" alt=\"\" class=\"wp-image-306\" width=\"470\" height=\"315\"\/><\/figure>\n<\/div>\n<\/div><\/section>\n\n\n\n<section class=\"wp-block-themeisle-blocks-advanced-columns alignfull has-2-columns has-desktop-equal-layout has-tablet-equal-layout has-mobile-collapsedRows-layout has-nogap-gap has-vertical-center\" id=\"wp-block-themeisle-blocks-advanced-columns-cae00044\"><div class=\"wp-block-themeisle-blocks-advanced-columns-overlay\"><\/div><div class=\"innerblocks-wrap\">\n<div class=\"wp-block-themeisle-blocks-advanced-column\" id=\"wp-block-themeisle-blocks-advanced-column-8694cd15\">\n<figure class=\"wp-block-image size-large is-resized\"><img loading=\"lazy\" decoding=\"async\" src=\"\/wp-content\/uploads\/2021\/03\/AdobeStock_269761291-1024x683.jpeg\" alt=\"\" class=\"wp-image-431\" width=\"470\" height=\"315\" srcset=\"\/wp-content\/uploads\/2021\/03\/AdobeStock_269761291-300x200.jpeg 300w, \/wp-content\/uploads\/2021\/03\/AdobeStock_269761291-768x513.jpeg 768w, \/wp-content\/uploads\/2021\/03\/AdobeStock_269761291-1536x1025.jpeg 1536w, \/wp-content\/uploads\/2021\/03\/AdobeStock_269761291-2048x1367.jpeg 2048w\" sizes=\"auto, (max-width: 470px) 100vw, 470px\" \/><\/figure>\n<\/div>\n\n\n\n<div class=\"wp-block-themeisle-blocks-advanced-column\" id=\"wp-block-themeisle-blocks-advanced-column-20900ebd\">\n<div id=\"wp-block-themeisle-blocks-advanced-heading-83d15a00\" class=\"wp-block-themeisle-blocks-advanced-heading wp-block-themeisle-blocks-advanced-heading-83d15a00\"><\/div>\n\n\n\n<h3 class=\"has-text-align-left wp-block-heading\">Team<\/h3>\n\n\n\n<p>Unser Entwickler-Team besitzt Erfahrungen aus unterschiedlichen Branchen und war in folgenden Themenbereichen t\u00e4tig:<\/p>\n\n\n\n<ul class=\"wp-block-list\"><li>Hardware Lifecycle Prozesse<\/li><li>Systemintegration<\/li><li>Datenmigrationen<\/li><li>Rollen- und Berechtigungskonzepte im IT-Umfeld<\/li><li>MIS- und Reporting-L\u00f6sungen<\/li><li>Internet- und Intranet-Portale<\/li><li>Automatisierung von Gesch\u00e4ftsprozessen<\/li><li>CRM-L\u00f6sungen<\/li><\/ul>\n\n\n\n<p><\/p>\n\n\n\n<p>Weitere Informationen zu umgesetzten L\u00f6sungen finden Sie im Bereich <a href=\"?page_id=197\">L\u00f6sungen.<\/a><\/p>\n<\/div>\n<\/div><\/section>\n","protected":false},"excerpt":{"rendered":"","protected":false},"author":1,"featured_media":0,"parent":0,"menu_order":0,"comment_status":"closed","ping_status":"closed","template":"","meta":{"neve_meta_sidebar":"full-width","neve_meta_container":"","neve_meta_enable_content_width":"on","neve_meta_content_width":100,"neve_meta_title_alignment":"","neve_meta_author_avatar":"","neve_post_elements_order":"","neve_meta_disable_header":"","neve_meta_disable_footer":"","neve_meta_disable_title":"","neve_meta_reading_time":"","_themeisle_gutenberg_block_has_review":false,"footnotes":""},"class_list":["post-186","page","type-page","status-publish","hentry"],"_links":{"self":[{"href":"https:\/\/www.bostconsult.com\/index.php?rest_route=\/wp\/v2\/pages\/186","targetHints":{"allow":["GET"]}}],"collection":[{"href":"https:\/\/www.bostconsult.com\/index.php?rest_route=\/wp\/v2\/pages"}],"about":[{"href":"https:\/\/www.bostconsult.com\/index.php?rest_route=\/wp\/v2\/types\/page"}],"author":[{"embeddable":true,"href":"https:\/\/www.bostconsult.com\/index.php?rest_route=\/wp\/v2\/users\/1"}],"replies":[{"embeddable":true,"href":"https:\/\/www.bostconsult.com\/index.php?rest_route=%2Fwp%2Fv2%2Fcomments&post=186"}],"version-history":[{"count":16,"href":"https:\/\/www.bostconsult.com\/index.php?rest_route=\/wp\/v2\/pages\/186\/revisions"}],"predecessor-version":[{"id":485,"href":"https:\/\/www.bostconsult.com\/index.php?rest_route=\/wp\/v2\/pages\/186\/revisions\/485"}],"wp:attachment":[{"href":"https:\/\/www.bostconsult.com\/index.php?rest_route=%2Fwp%2Fv2%2Fmedia&parent=186"}],"curies":[{"name":"wp","href":"https:\/\/api.w.org\/{rel}","templated":true}]}}