{"id":197,"date":"2020-11-09T06:47:36","date_gmt":"2020-11-09T05:47:36","guid":{"rendered":"https:\/\/bcohwordpressnew.azurewebsites.net\/?page_id=197"},"modified":"2022-11-23T09:34:35","modified_gmt":"2022-11-23T08:34:35","slug":"loesungen","status":"publish","type":"page","link":"https:\/\/www.bostconsult.com\/?page_id=197","title":{"rendered":"L\u00f6sungen"},"content":{"rendered":"\n<section id=\"wp-block-themeisle-blocks-advanced-columns-e4373a2b\" class=\"wp-block-themeisle-blocks-advanced-columns alignfull has-1-columns has-desktop-equal-layout has-tablet-equal-layout has-mobile-equal-layout has-vertical-flex-start\"><div class=\"wp-block-themeisle-blocks-advanced-columns-overlay\"><\/div><div class=\"innerblocks-wrap\">\n<div id=\"wp-block-themeisle-blocks-advanced-column-0b9db5af\" class=\"wp-block-themeisle-blocks-advanced-column\">\n<section id=\"wp-block-themeisle-blocks-advanced-columns-62d68e08\" class=\"wp-block-themeisle-blocks-advanced-columns has-2-columns has-desktop-equal-layout has-tablet-equal-layout has-mobile-collapsedRows-layout has-vertical-flex-start\"><div class=\"wp-block-themeisle-blocks-advanced-columns-overlay\"><\/div><div class=\"innerblocks-wrap\">\n<div id=\"wp-block-themeisle-blocks-advanced-column-ba020b38\" class=\"wp-block-themeisle-blocks-advanced-column\">\n<h3 class=\"has-text-align-left wp-block-heading\">Praxis-Beispiele<\/h3>\n\n\n\n<p>Basierend auf den Projekten bei unseren Kunden stellen wir Ihnen eine Auswahl von erfolgreichen IT-L\u00f6sungen vor.<\/p>\n\n\n\n<p>Es handelt sich dabei um Beispiele, wie sie haupts\u00e4chlich in Enterprise-Umgebungen realisiert sind.<\/p>\n\n\n\n<p>Die Erfahrungen und die aus der abstrakten Modellierung gewonnenen L\u00f6sungen f\u00fcr den Einsatz in der Steuerung von Gesch\u00e4ftsprozessen lassen sich auch auf andere Unternehmen und Branchen \u00fcbertragen.<\/p>\n\n\n\n<p>Potentielle Einsatzgebiete sehen wir in mittelgro\u00dfen und gro\u00dfen Unternehmen.<\/p>\n\n\n\n<p>In einem pers\u00f6nlichen Gespr\u00e4ch beraten wir Sie gerne \u00fcber eine f\u00fcr Sie angepasste Realisierung.<\/p>\n<\/div>\n\n\n\n<div id=\"wp-block-themeisle-blocks-advanced-column-6c94b24d\" class=\"wp-block-themeisle-blocks-advanced-column\"><\/div>\n<\/div><\/section>\n\n\n\n<section id=\"wp-block-themeisle-blocks-advanced-columns-6fc7adce\" class=\"wp-block-themeisle-blocks-advanced-columns has-3-columns has-desktop-equal-layout has-tablet-equal-layout has-mobile-collapsedRows-layout has-vertical-flex-start\"><div class=\"wp-block-themeisle-blocks-advanced-columns-overlay\"><\/div><div class=\"innerblocks-wrap\">\n<div id=\"wp-block-themeisle-blocks-advanced-column-25e97a9a\" class=\"wp-block-themeisle-blocks-advanced-column\">\n<figure class=\"wp-block-image size-full is-resized\"><img loading=\"lazy\" decoding=\"async\" src=\"\/wp-content\/uploads\/2020\/11\/HWLC-edited.jpg\" alt=\"\" class=\"wp-image-335\" width=\"400\" height=\"266\" srcset=\"\/wp-content\/uploads\/2020\/11\/HWLC-edited.jpg 412w, \/wp-content\/uploads\/2020\/11\/HWLC-edited-300x200.jpg 300w\" sizes=\"auto, (max-width: 400px) 100vw, 400px\" \/><\/figure>\n\n\n\n<h3 class=\"has-text-align-left wp-block-heading\">Hardware Lifecycle Management<\/h3>\n\n\n\n<p>Die Hardware Lifecycle Management Solution von Bost-Consult GmbH vereint das Planen, Steuern und Verwalten des Hardwareeinsatzes in Unternehmen mit einer einfach und flexibel zu benutzenden Software. Als Basis wird der IMACD-Prozess verwendet.<\/p>\n\n\n\n<p>Die Zusammenf\u00fchrung der am Gesch\u00e4ftsprozess beteiligten Personen und IT-Systeme f\u00fchrt zu einer Effizienzsteigerung und Kostenreduktion. Durch die konsequente Umsetzung in ein modular aufgebautes System und offene Interface-Architektur ist eine Anpassung an lokale Bed\u00fcrfnisse problemlos m\u00f6glich.<\/p>\n\n\n\n<p>Mit dieser L\u00f6sung steht f\u00fcr Unternehmen ab mittlerer Gr\u00f6\u00dfe das Instrumentarium zur Verf\u00fcgung, die eingesetzte Hardware \u00fcber den gesamten Lifecycle zu verwalten.<\/p>\n\n\n\n<div class=\"wp-block-buttons is-layout-flex wp-block-buttons-is-layout-flex\"><\/div>\n<\/div>\n\n\n\n<div id=\"wp-block-themeisle-blocks-advanced-column-b5b3ad1c\" class=\"wp-block-themeisle-blocks-advanced-column\">\n<figure class=\"wp-block-image size-full is-resized\"><img loading=\"lazy\" decoding=\"async\" src=\"\/wp-content\/uploads\/2020\/11\/Workflow-edited.jpg\" alt=\"\" class=\"wp-image-336\" width=\"400\" height=\"266\" srcset=\"\/wp-content\/uploads\/2020\/11\/Workflow-edited.jpg 424w, \/wp-content\/uploads\/2020\/11\/Workflow-edited-300x200.jpg 300w\" sizes=\"auto, (max-width: 400px) 100vw, 400px\" \/><\/figure>\n\n\n\n<h3 class=\"has-text-align-left wp-block-heading\">Workflow-Management<\/h3>\n\n\n\n<p>Die Workflow-Management Solution der Firma Bost-Consult GmbH ist ein einfach einzusetzendes System zur Automatisierung von Gesch\u00e4ftsabl\u00e4ufen und zur Integration unterschiedlicher beteiligter IT-Systeme.<\/p>\n\n\n\n<p>Die Basis des Systems bildet eine Workflow-Engine, die auf einem Applikationsserver l\u00e4uft, und zur Verarbeitung von Konfigurations- und Nutzdaten eine SQL-Server Datenbank ben\u00f6tigt.<\/p>\n\n\n\n<p>Werden f\u00fcr die Gesch\u00e4ftsabl\u00e4ufe Eingabe-Masken oder Portal-Funktionalit\u00e4ten ben\u00f6tigt, so ist noch zus\u00e4tzlich ein Webserver notwendig.<\/p>\n\n\n\n<div class=\"wp-block-buttons is-layout-flex wp-block-buttons-is-layout-flex\"><\/div>\n<\/div>\n\n\n\n<div id=\"wp-block-themeisle-blocks-advanced-column-6be03cf4\" class=\"wp-block-themeisle-blocks-advanced-column\">\n<figure class=\"wp-block-image size-full is-resized\"><img loading=\"lazy\" decoding=\"async\" src=\"\/wp-content\/uploads\/2020\/11\/Solutions-1-edited.jpg\" alt=\"\" class=\"wp-image-337\" width=\"400\" height=\"266\" srcset=\"\/wp-content\/uploads\/2020\/11\/Solutions-1-edited.jpg 400w, \/wp-content\/uploads\/2020\/11\/Solutions-1-edited-300x200.jpg 300w\" sizes=\"auto, (max-width: 400px) 100vw, 400px\" \/><\/figure>\n\n\n\n<h3 class=\"has-text-align-left wp-block-heading\">Digitales Aufgaben-Management<\/h3>\n\n\n\n<p class=\"has-text-align-left\">Das digitale Aufgaben-Management erm\u00f6glicht das Erstellen und Verwalten von Aufgabenpl\u00e4nen, aus denen nach definierbaren Turnus-Regeln Aufgaben erzeugt und verteilt werden.<\/p>\n\n\n\n<p>Diese Aufgaben k\u00f6nnen digital abgezeichnet und \u00fcberwacht werden.<\/p>\n\n\n\n<div class=\"wp-block-buttons is-layout-flex wp-block-buttons-is-layout-flex\"><\/div>\n<\/div>\n<\/div><\/section>\n<\/div>\n<\/div><\/section>\n","protected":false},"excerpt":{"rendered":"","protected":false},"author":1,"featured_media":0,"parent":0,"menu_order":0,"comment_status":"closed","ping_status":"closed","template":"","meta":{"neve_meta_sidebar":"full-width","neve_meta_container":"","neve_meta_enable_content_width":"on","neve_meta_content_width":100,"neve_meta_title_alignment":"","neve_meta_author_avatar":"","neve_post_elements_order":"","neve_meta_disable_header":"","neve_meta_disable_footer":"","neve_meta_disable_title":"","_themeisle_gutenberg_block_has_review":false,"footnotes":""},"class_list":["post-197","page","type-page","status-publish","hentry"],"_links":{"self":[{"href":"https:\/\/www.bostconsult.com\/index.php?rest_route=\/wp\/v2\/pages\/197","targetHints":{"allow":["GET"]}}],"collection":[{"href":"https:\/\/www.bostconsult.com\/index.php?rest_route=\/wp\/v2\/pages"}],"about":[{"href":"https:\/\/www.bostconsult.com\/index.php?rest_route=\/wp\/v2\/types\/page"}],"author":[{"embeddable":true,"href":"https:\/\/www.bostconsult.com\/index.php?rest_route=\/wp\/v2\/users\/1"}],"replies":[{"embeddable":true,"href":"https:\/\/www.bostconsult.com\/index.php?rest_route=%2Fwp%2Fv2%2Fcomments&post=197"}],"version-history":[{"count":13,"href":"https:\/\/www.bostconsult.com\/index.php?rest_route=\/wp\/v2\/pages\/197\/revisions"}],"predecessor-version":[{"id":508,"href":"https:\/\/www.bostconsult.com\/index.php?rest_route=\/wp\/v2\/pages\/197\/revisions\/508"}],"wp:attachment":[{"href":"https:\/\/www.bostconsult.com\/index.php?rest_route=%2Fwp%2Fv2%2Fmedia&parent=197"}],"curies":[{"name":"wp","href":"https:\/\/api.w.org\/{rel}","templated":true}]}}